{"id":3,"date":"2022-07-04T10:31:29","date_gmt":"2022-07-04T10:31:29","guid":{"rendered":"https:\/\/lazarkastely.ro\/?page_id=3"},"modified":"2022-07-06T16:46:49","modified_gmt":"2022-07-06T16:46:49","slug":"privacy-policy","status":"publish","type":"page","link":"https:\/\/lazarkastely.ro\/ro\/privacy-policy\/","title":{"rendered":"Politica de confiden\u021bialitate"},"content":{"rendered":"[et_pb_section fb_built=&#8221;1&#8243; admin_label=&#8221;section&#8221; _builder_version=&#8221;4.14.5&#8243; hover_enabled=&#8221;0&#8243; global_colors_info=&#8221;{}&#8221; custom_padding=&#8221;10em||||false|false&#8221; sticky_enabled=&#8221;0&#8243;][et_pb_row admin_label=&#8221;row&#8221; _builder_version=&#8221;3.25&#8243; background_size=&#8221;initial&#8221; background_position=&#8221;top_left&#8221; background_repeat=&#8221;repeat&#8221; global_colors_info=&#8221;{}&#8221;][et_pb_column type=&#8221;4_4&#8243; _builder_version=&#8221;3.25&#8243; custom_padding=&#8221;|||&#8221; global_colors_info=&#8221;{}&#8221; custom_padding__hover=&#8221;|||&#8221;][et_pb_text _builder_version=&#8221;4.14.5&#8243; _module_preset=&#8221;default&#8221; hover_enabled=&#8221;0&#8243; sticky_enabled=&#8221;0&#8243; header_2_font=&#8221;Playfair Display||||||||&#8221; header_2_text_align=&#8221;center&#8221; header_2_font_size=&#8221;40px&#8221; header_2_line_height=&#8221;1.2em&#8221;]<h2>Politica de confiden\u021bialitate<\/h2>[\/et_pb_text][et_pb_text admin_label=&#8221;Text&#8221; _builder_version=&#8221;4.14.5&#8243; background_size=&#8221;initial&#8221; background_position=&#8221;top_left&#8221; background_repeat=&#8221;repeat&#8221; hover_enabled=&#8221;0&#8243; global_colors_info=&#8221;{}&#8221; sticky_enabled=&#8221;0&#8243;]<p><\/p>\n<p><span><strong>What personal information do we collect from the people that visit our blog, website.<\/strong><\/span><\/p>\n<p>When ordering or registering on our site, as appropriate, you may be asked to enter your name, email address, mailing address, phone number, date of birth or other details to help you with your experience.<\/p>\n<p><span><strong>How do we collect Information?<\/strong><\/span><\/p>\n<p>We collect information directly when you enter such information at appropriate places on the Website including but not limited to when creating an account, when writing a review or when availing any service available through the website.<\/p>\n<p>We also collect information indirectly when you access our website including information regarding your IP address, location, identity and other information that is needed for security and functional purposes.<\/p>\n<p><span><strong>When do we collect information?<\/strong><\/span><\/p>\n<p>We collect information from you when you register on our site or enter information on our site. We also continuously monitor your browsing activity and regularly collect information to help us enhance your user experience.<\/p>\n<p><span><strong>EU GENERAL DATA PROTECTION REGULATION (GDPR)<\/strong><\/span><\/p>\n<p>We will always comply with the General Data Protection Regulation (GDPR) when dealing with your personal data. Further details on the GDPR can be found at the website for the Information Commissioner (www.ico.gov.uk). For the purposes of the GDPR, we will be the \u201ccontroller\u201d of all personal data we hold about you.<\/p>\n<p>As a data subject, you have the following rights under the GDPR, which this Policy and Our use of personal data have been designed to uphold:<\/p>\n<ul>\n<li>The right of information about Our collection and use of personal data;<\/li>\n<li>The right of access to the personal data We hold about you.<\/li>\n<li>The right to rectification if any personal data We hold about you is inaccurate or incomplete<\/li>\n<li>The right to be forgotten \u2013 i.e. the right to ask Us to delete any personal data We hold about you.<\/li>\n<li>The right to restrict (i.e. prevent) the processing of your personal data;<\/li>\n<li>The right to data portability (obtaining a copy of your personal data to re-use with another service or organization);<\/li>\n<li>The right to object to Us using your personal data for particular purposes; and<\/li>\n<li>Rights with respect to automated decision making and profiling.<\/li>\n<li>If you have any cause for complaint about Our use of your personal data, please contact Us and We will do Our best to solve the problem for you.<\/li>\n<li>For further information about your rights, please contact the Information Commissioner\u2019s Office or your local Citizens Advice Bureau.<\/li>\n<\/ul>\n<p>Some or all of your data may be stored outside of the European Economic Area (\u201cthe EEA\u201d) (The EEA consists of all EU member states, plus Norway, Iceland, and Liechtenstein). You are deemed to accept and agree to this by using Our Site and submitting information to Us. If We do store data outside the EEA, We will take all reasonable steps to ensure that your data is treated as safely and securely as it would be within the UK and under the GDPR.<\/p>\n<p><span><strong>How do we use your information?<\/strong><\/span><\/p>\n<p>Our use of your personal data will always have a lawful basis, either because it is necessary for Our performance of a contract with you, because you have consented to Our use of your personal data (e.g. by subscribing to emails), or because it is in Our legitimate interests. Specifically, We may use your data for the following purposes:<\/p>\n<ul>\n<li>Providing and managing your access to Our Site;<\/li>\n<li>Personalizing and tailoring your experience on Our Site;<\/li>\n<li>Supplying Our SEO products and services to you (please note that We require your personal data in order to enter into a contract with you);<\/li>\n<li>Personalizing and tailoring Our products and services for you;<\/li>\n<li>Replying to emails from you;<\/li>\n<li>Supplying you with emails that you have opted into (you may unsubscribe or opt-out at any time by clicking the unsubscribe link at the bottom of any of the emails;<\/li>\n<li>Market research;<\/li>\n<li>Analyzing your use of Our Site and gathering feedback to enable us to continually improve Our Site and your user experience.<\/li>\n<li>With your permission and\/or where permitted by law, we may also use your data for marketing purposes which may include contacting you by email with information, news and offers on our products and services. We will not, however, send you any unsolicited marketing or spam and will take all reasonable steps to ensure that we fully protect your rights and comply with our obligations under GDPR and the Privacy and Electronic Communications (EC Directive) Regulations 2003.<\/li>\n<\/ul>\n<p>We have lawful basis for processing existing data on the grounds of legitimate interest as users have engaged with us before and we send sector specific communications, to relevant individuals\/ job functions, for relevant products and services.<\/p>\n<p><span><strong>How do we protect visitor information?<\/strong><\/span><\/p>\n<p>Our website is scanned on a regular basis for security holes and known vulnerabilities in order to make your visit to our site as safe as possible.<\/p>\n<p>Your personal information is contained behind secured networks and is only accessible by a limited number of persons who have special access rights to such systems, and are required to keep the information confidential. In addition, all sensitive\/credit information you supply is encrypted via Secure Socket Layer (SSL) technology.<\/p>\n<p>We implement a variety of security measures enters, submits, or accesses their information to maintain the safety of your personal information.<\/p>\n<p>All transactions are processed through a gateway provider and are not stored or processed on our servers.<\/p>\n<p>You understand and agree that all websites are Internet dependent, which is very unpredictable, and no single person or entity can ensure complete security or control over the activities prevalent over the Internet. Though we implement various security measures, but due to our lack of control over the Internet we do not undertake any liability for loss of information due to no fault at our end.<\/p>\n<p><span><strong>Do we use \u2018cookies\u2019?<\/strong><\/span><\/p>\n<p>Yes. Cookies are small files that a site or its service provider transfers to your computer\u2019s hard drive through your Web browser (if you allow) that enables the site\u2019s or service provider\u2019s systems to recognize your browser and capture and remember certain information. For instance, we use cookies to help us remember and process the items in your shopping cart. They are also used to help us understand your preferences based on previous or current site activity, which enables us to provide you with improved services. We also use cookies to help us compile aggregate data about site traffic and site interaction so that we can offer better site experiences and tools in the future.<\/p>\n<p><span><strong>We use cookies to:<\/strong><\/span><\/p>\n<ul>\n<li>Understand and save user\u2019s preferences for future visits.<\/li>\n<li>Keep track of advertisements.<\/li>\n<li>Compile aggregate data about site traffic and site interactions in order to offer better site experiences and tools in the future. We may also use trusted third party services that track this information on our behalf.<\/li>\n<\/ul>\n<p>You can choose to have your computer warn you each time a cookie is being sent, or you can choose to turn off all cookies. You do this through your browser (like Internet Explorer) settings. Each browser is a little different, so look at your browser\u2019s Help menu to learn the correct way to modify your cookies.<\/p>\n<p>If you disable cookies off, some features will be disabled. It may affect the functionality of the site that may make your site experience less efficient and some of our services will not function properly.<\/p>\n<p>However, you may still be able to place orders.<\/p>\n<p><span><strong>Third Party Disclosure<\/strong><\/span><\/p>\n<p>We do not sell, trade, or otherwise transfer to outside parties your personally identifiable information unless we provide you with advance notice. This does not include website hosting partners and other parties who assist us in operating our website, conducting our business, or servicing you, so long as those parties agree to keep this information confidential. We may also release your information when we believe release is appropriate to comply with the law, enforce our site policies, or protect ours or others\u2019 rights, property, or safety. We may release your credit card and account related information strictly to parties who help us process payments for the purchases that you make through our website.<\/p>\n<p>However, non-personally identifiable visitor information may be provided to other parties for marketing, advertising, or other uses.<\/p>\n<p><span><strong>Your Right To Withhold Information<\/strong><\/span><\/p>\n<ul>\n<li>You may access Our Site without However, to use all features and functions available on Our Site you may be required to submit or allow for the collection of certain data.<\/li>\n<li>You may restrict our use of Cookies.<\/li>\n<\/ul>\n<p>You have the right to ask for a copy of any of your personal data held by us (where such data is held). Under the GDPR, no fee is payable and we will provide any and all information in response to your request free of charge.<\/p>\n<p><span><strong>Third party links<\/strong><\/span><\/p>\n<p>Occasionally, at our discretion, we may include or offer third party products or services on our website. These third party sites have separate and independent privacy policies. We therefore have no responsibility or liability for the content and activities of these linked sites. Nonetheless, we seek to protect the integrity of our site and welcome any feedback about these sites.<\/p>\n<p><span><strong>Wireless Addresses<\/strong><\/span><\/p>\n<p>If the e-mail address you provide to us is a wireless e-mail address, you agree to receive messages from us at such address, subject to your subscription. You may change your e-mail preferences at any time, but your wireless carrier\u2019s standard rates will apply as long as you are receiving messages at a wireless e-mail address. If you give us a wireless e-mail address, you represent that you are the owner or authorized user of the device on which messages will be received and that you are authorized to approve the applicable charges.<\/p>\n<p><span><strong>Children under the Age of 13<\/strong><\/span><\/p>\n<p>The Site is not intended for children under 13 years of age. We do not knowingly collect or store any personally identifiable information from children under the age of 13. If you are under 13, please do not use this website, make purchases through the Website or send any information about yourself to us, including your name, address, telephone number or email address. If you believe that we might have any information from a child under the age of 13, please contact us at: [SUPPORT EMAIL]<\/p>\n<p><span><strong>Changes to this Policy<\/strong><\/span><\/p>\n<p>We may change this Policy from time to time. In some cases, we may inform you by additional means, such as by sending you an e-mail. In some cases, we may obtain your consent to the changes.<\/p>\n<p><span>Contacta\u021bi-ne<\/span><\/p>\n<p>If you have any questions or comments regarding our privacy practices, you should first contact by emailing here: info@lazarkastely.ro.<\/p>\n<p><\/p>[\/et_pb_text][\/et_pb_column][\/et_pb_row][\/et_pb_section]","protected":false},"excerpt":{"rendered":"<p>Privacy Policy What personal information do we collect from the people that visit our blog, website. When ordering or registering on our site, as appropriate, you may be asked to enter your name, email address, mailing address, phone number, date of birth or other details to help you with your experience. How do we collect [&hellip;]<\/p>","protected":false},"author":1,"featured_media":0,"parent":0,"menu_order":0,"comment_status":"closed","ping_status":"open","template":"","meta":{"_et_pb_use_builder":"on","_et_pb_old_content":"<!-- wp:heading --><h2>Who we are<\/h2><!-- \/wp:heading --><!-- wp:paragraph --><p><strong class=\"privacy-policy-tutorial\">Suggested text: <\/strong>Our website address is: https:\/\/lazarkastely.ro.<\/p><!-- \/wp:paragraph --><!-- wp:heading --><h2>Comments<\/h2><!-- \/wp:heading --><!-- wp:paragraph --><p><strong class=\"privacy-policy-tutorial\">Suggested text: <\/strong>When visitors leave comments on the site we collect the data shown in the comments form, and also the visitor&#8217;s IP address and browser user agent string to help spam detection.<\/p><!-- \/wp:paragraph --><!-- wp:paragraph --><p>An anonymized string created from your email address (also called a hash) may be provided to the Gravatar service to see if you are using it. The Gravatar service privacy policy is available here: https:\/\/automattic.com\/privacy\/. After approval of your comment, your profile picture is visible to the public in the context of your comment.<\/p><!-- \/wp:paragraph --><!-- wp:heading --><h2>Media<\/h2><!-- \/wp:heading --><!-- wp:paragraph --><p><strong class=\"privacy-policy-tutorial\">Suggested text: <\/strong>If you upload images to the website, you should avoid uploading images with embedded location data (EXIF GPS) included. Visitors to the website can download and extract any location data from images on the website.<\/p><!-- \/wp:paragraph --><!-- wp:heading --><h2>Cookies<\/h2><!-- \/wp:heading --><!-- wp:paragraph --><p><strong class=\"privacy-policy-tutorial\">Suggested text: <\/strong>If you leave a comment on our site you may opt-in to saving your name, email address and website in cookies. These are for your convenience so that you do not have to fill in your details again when you leave another comment. These cookies will last for one year.<\/p><!-- \/wp:paragraph --><!-- wp:paragraph --><p>If you visit our login page, we will set a temporary cookie to determine if your browser accepts cookies. This cookie contains no personal data and is discarded when you close your browser.<\/p><!-- \/wp:paragraph --><!-- wp:paragraph --><p>When you log in, we will also set up several cookies to save your login information and your screen display choices. Login cookies last for two days, and screen options cookies last for a year. If you select &quot;Remember Me&quot;, your login will persist for two weeks. If you log out of your account, the login cookies will be removed.<\/p><!-- \/wp:paragraph --><!-- wp:paragraph --><p>If you edit or publish an article, an additional cookie will be saved in your browser. This cookie includes no personal data and simply indicates the post ID of the article you just edited. It expires after 1 day.<\/p><!-- \/wp:paragraph --><!-- wp:heading --><h2>Embedded content from other websites<\/h2><!-- \/wp:heading --><!-- wp:paragraph --><p><strong class=\"privacy-policy-tutorial\">Suggested text: <\/strong>Articles on this site may include embedded content (e.g. videos, images, articles, etc.). Embedded content from other websites behaves in the exact same way as if the visitor has visited the other website.<\/p><!-- \/wp:paragraph --><!-- wp:paragraph --><p>These websites may collect data about you, use cookies, embed additional third-party tracking, and monitor your interaction with that embedded content, including tracking your interaction with the embedded content if you have an account and are logged in to that website.<\/p><!-- \/wp:paragraph --><!-- wp:heading --><h2>Who we share your data with<\/h2><!-- \/wp:heading --><!-- wp:paragraph --><p><strong class=\"privacy-policy-tutorial\">Suggested text: <\/strong>If you request a password reset, your IP address will be included in the reset email.<\/p><!-- \/wp:paragraph --><!-- wp:heading --><h2>How long we retain your data<\/h2><!-- \/wp:heading --><!-- wp:paragraph --><p><strong class=\"privacy-policy-tutorial\">Suggested text: <\/strong>If you leave a comment, the comment and its metadata are retained indefinitely. This is so we can recognize and approve any follow-up comments automatically instead of holding them in a moderation queue.<\/p><!-- \/wp:paragraph --><!-- wp:paragraph --><p>For users that register on our website (if any), we also store the personal information they provide in their user profile. All users can see, edit, or delete their personal information at any time (except they cannot change their username). Website administrators can also see and edit that information.<\/p><!-- \/wp:paragraph --><!-- wp:heading --><h2>What rights you have over your data<\/h2><!-- \/wp:heading --><!-- wp:paragraph --><p><strong class=\"privacy-policy-tutorial\">Suggested text: <\/strong>If you have an account on this site, or have left comments, you can request to receive an exported file of the personal data we hold about you, including any data you have provided to us. You can also request that we erase any personal data we hold about you. This does not include any data we are obliged to keep for administrative, legal, or security purposes.<\/p><!-- \/wp:paragraph --><!-- wp:heading --><h2>Where your data is sent<\/h2><!-- \/wp:heading --><!-- wp:paragraph --><p><strong class=\"privacy-policy-tutorial\">Suggested text: <\/strong>Visitor comments may be checked through an automated spam detection service.<\/p><!-- \/wp:paragraph -->","_et_gb_content_width":"","footnotes":""},"class_list":["post-3","page","type-page","status-publish","hentry"],"yoast_head":"<!-- This site is optimized with the Yoast SEO plugin v25.3 - https:\/\/yoast.com\/wordpress\/plugins\/seo\/ -->\n<title>Privacy Policy - L\u00e1z\u00e1r Castle<\/title>\n<meta name=\"robots\" content=\"index, follow, max-snippet:-1, max-image-preview:large, max-video-preview:-1\" \/>\n<link rel=\"canonical\" href=\"https:\/\/lazarkastely.ro\/ro\/privacy-policy\/\" \/>\n<meta property=\"og:locale\" content=\"ro_RO\" \/>\n<meta property=\"og:type\" content=\"article\" \/>\n<meta property=\"og:title\" content=\"Privacy Policy - L\u00e1z\u00e1r Castle\" \/>\n<meta property=\"og:description\" content=\"Privacy Policy What personal information do we collect from the people that visit our blog, website. When ordering or registering on our site, as appropriate, you may be asked to enter your name, email address, mailing address, phone number, date of birth or other details to help you with your experience. How do we collect [&hellip;]\" \/>\n<meta property=\"og:url\" content=\"https:\/\/lazarkastely.ro\/ro\/privacy-policy\/\" \/>\n<meta property=\"og:site_name\" content=\"L\u00e1z\u00e1r Castle\" \/>\n<meta property=\"article:modified_time\" content=\"2022-07-06T16:46:49+00:00\" \/>\n<meta property=\"og:image\" content=\"https:\/\/lazarkastely.ro\/wp-content\/uploads\/2022\/07\/IMG_6528-scaled.jpg\" \/>\n\t<meta property=\"og:image:width\" content=\"2560\" \/>\n\t<meta property=\"og:image:height\" content=\"1707\" \/>\n\t<meta property=\"og:image:type\" content=\"image\/jpeg\" \/>\n<meta name=\"twitter:card\" content=\"summary_large_image\" \/>\n<meta name=\"twitter:label1\" content=\"Timp estimat pentru citire\" \/>\n\t<meta name=\"twitter:data1\" content=\"10 minute\" \/>\n<script type=\"application\/ld+json\" class=\"yoast-schema-graph\">{\"@context\":\"https:\/\/schema.org\",\"@graph\":[{\"@type\":\"WebPage\",\"@id\":\"https:\/\/lazarkastely.ro\/privacy-policy\/\",\"url\":\"https:\/\/lazarkastely.ro\/privacy-policy\/\",\"name\":\"Privacy Policy - L\u00e1z\u00e1r Castle\",\"isPartOf\":{\"@id\":\"https:\/\/lazarkastely.ro\/#website\"},\"datePublished\":\"2022-07-04T10:31:29+00:00\",\"dateModified\":\"2022-07-06T16:46:49+00:00\",\"breadcrumb\":{\"@id\":\"https:\/\/lazarkastely.ro\/privacy-policy\/#breadcrumb\"},\"inLanguage\":\"ro-RO\",\"potentialAction\":[{\"@type\":\"ReadAction\",\"target\":[\"https:\/\/lazarkastely.ro\/privacy-policy\/\"]}]},{\"@type\":\"BreadcrumbList\",\"@id\":\"https:\/\/lazarkastely.ro\/privacy-policy\/#breadcrumb\",\"itemListElement\":[{\"@type\":\"ListItem\",\"position\":1,\"name\":\"Home\",\"item\":\"https:\/\/lazarkastely.ro\/\"},{\"@type\":\"ListItem\",\"position\":2,\"name\":\"Privacy Policy\"}]},{\"@type\":\"WebSite\",\"@id\":\"https:\/\/lazarkastely.ro\/#website\",\"url\":\"https:\/\/lazarkastely.ro\/\",\"name\":\"L\u00e1z\u00e1r Castle\",\"description\":\"L\u00e1z\u00e1r Castle, is a castle located in L\u0103zarea, Harghita County, Romania.\",\"potentialAction\":[{\"@type\":\"SearchAction\",\"target\":{\"@type\":\"EntryPoint\",\"urlTemplate\":\"https:\/\/lazarkastely.ro\/?s={search_term_string}\"},\"query-input\":{\"@type\":\"PropertyValueSpecification\",\"valueRequired\":true,\"valueName\":\"search_term_string\"}}],\"inLanguage\":\"ro-RO\"}]}<\/script>\n<!-- \/ Yoast SEO plugin. -->","yoast_head_json":{"title":"Privacy Policy - L\u00e1z\u00e1r Castle","robots":{"index":"index","follow":"follow","max-snippet":"max-snippet:-1","max-image-preview":"max-image-preview:large","max-video-preview":"max-video-preview:-1"},"canonical":"https:\/\/lazarkastely.ro\/ro\/privacy-policy\/","og_locale":"ro_RO","og_type":"article","og_title":"Privacy Policy - L\u00e1z\u00e1r Castle","og_description":"Privacy Policy What personal information do we collect from the people that visit our blog, website. When ordering or registering on our site, as appropriate, you may be asked to enter your name, email address, mailing address, phone number, date of birth or other details to help you with your experience. How do we collect [&hellip;]","og_url":"https:\/\/lazarkastely.ro\/ro\/privacy-policy\/","og_site_name":"L\u00e1z\u00e1r Castle","article_modified_time":"2022-07-06T16:46:49+00:00","og_image":[{"width":2560,"height":1707,"url":"https:\/\/lazarkastely.ro\/wp-content\/uploads\/2022\/07\/IMG_6528-scaled.jpg","type":"image\/jpeg"}],"twitter_card":"summary_large_image","twitter_misc":{"Timp estimat pentru citire":"10 minute"},"schema":{"@context":"https:\/\/schema.org","@graph":[{"@type":"WebPage","@id":"https:\/\/lazarkastely.ro\/privacy-policy\/","url":"https:\/\/lazarkastely.ro\/privacy-policy\/","name":"Privacy Policy - L\u00e1z\u00e1r Castle","isPartOf":{"@id":"https:\/\/lazarkastely.ro\/#website"},"datePublished":"2022-07-04T10:31:29+00:00","dateModified":"2022-07-06T16:46:49+00:00","breadcrumb":{"@id":"https:\/\/lazarkastely.ro\/privacy-policy\/#breadcrumb"},"inLanguage":"ro-RO","potentialAction":[{"@type":"ReadAction","target":["https:\/\/lazarkastely.ro\/privacy-policy\/"]}]},{"@type":"BreadcrumbList","@id":"https:\/\/lazarkastely.ro\/privacy-policy\/#breadcrumb","itemListElement":[{"@type":"ListItem","position":1,"name":"Home","item":"https:\/\/lazarkastely.ro\/"},{"@type":"ListItem","position":2,"name":"Privacy Policy"}]},{"@type":"WebSite","@id":"https:\/\/lazarkastely.ro\/#website","url":"https:\/\/lazarkastely.ro\/","name":"L\u00e1z\u00e1r Castle","description":"L\u00e1z\u00e1r Castle, is a castle located in L\u0103zarea, Harghita County, Romania.","potentialAction":[{"@type":"SearchAction","target":{"@type":"EntryPoint","urlTemplate":"https:\/\/lazarkastely.ro\/?s={search_term_string}"},"query-input":{"@type":"PropertyValueSpecification","valueRequired":true,"valueName":"search_term_string"}}],"inLanguage":"ro-RO"}]}},"_links":{"self":[{"href":"https:\/\/lazarkastely.ro\/ro\/wp-json\/wp\/v2\/pages\/3","targetHints":{"allow":["GET"]}}],"collection":[{"href":"https:\/\/lazarkastely.ro\/ro\/wp-json\/wp\/v2\/pages"}],"about":[{"href":"https:\/\/lazarkastely.ro\/ro\/wp-json\/wp\/v2\/types\/page"}],"author":[{"embeddable":true,"href":"https:\/\/lazarkastely.ro\/ro\/wp-json\/wp\/v2\/users\/1"}],"replies":[{"embeddable":true,"href":"https:\/\/lazarkastely.ro\/ro\/wp-json\/wp\/v2\/comments?post=3"}],"version-history":[{"count":2,"href":"https:\/\/lazarkastely.ro\/ro\/wp-json\/wp\/v2\/pages\/3\/revisions"}],"predecessor-version":[{"id":266,"href":"https:\/\/lazarkastely.ro\/ro\/wp-json\/wp\/v2\/pages\/3\/revisions\/266"}],"wp:attachment":[{"href":"https:\/\/lazarkastely.ro\/ro\/wp-json\/wp\/v2\/media?parent=3"}],"curies":[{"name":"wp","href":"https:\/\/api.w.org\/{rel}","templated":true}]}}